{"id":30,"date":"2024-01-10T21:03:34","date_gmt":"2024-01-10T20:03:34","guid":{"rendered":"https:\/\/jestesmyslaskiem.pl\/?page_id=30"},"modified":"2024-02-23T00:42:53","modified_gmt":"2024-02-22T23:42:53","slug":"formularz-rejestracji-czlonka","status":"publish","type":"page","link":"https:\/\/jestesmyslaskiem.pl\/?page_id=30","title":{"rendered":"Do\u0142\u0105cz do Stowarzyszenia"},"content":{"rendered":"\n<script charset=\"utf-8\" type=\"text\/javascript\" src=\"\/\/js-eu1.hsforms.net\/forms\/embed\/v2.js\"><\/script>\n<script>\n  hbspt.forms.create({\n    region: \"eu1\",\n    portalId: \"143932126\",\n    formId: \"79e23f02-230d-401d-b473-a8c029a5937e\"\n  });\n<\/script>\n\n\n\n<hr class=\"wp-block-separator has-alpha-channel-opacity\"\/>\n\n\n\n<p>Wyci\u0105g ze Statutu Stowarzyszenia <strong>Jeste\u015bmy \u015al\u0105skiem <\/strong>dotycz\u0105cy cz\u0142onkostwa. <\/p>\n\n\n\n<p class=\"has-text-align-center\"><strong>Cz\u0142onkowie stowarzyszenia<\/strong><\/p>\n\n\n\n<p class=\"has-text-align-center\"><strong>\u00a74<\/strong><\/p>\n\n\n\n<p>1. Cz\u0142onkowie stowarzyszenia dziel\u0105 si\u0119 na:<\/p>\n\n\n\n<p>&nbsp;a) Cz\u0142onk\u00f3w zwyczajnych.<\/p>\n\n\n\n<p>&nbsp;b) Cz\u0142onk\u00f3w honorowych.<\/p>\n\n\n\n<p>&nbsp;c) Cz\u0142onk\u00f3w wspieraj\u0105cych.<\/p>\n\n\n\n<p>2. Cz\u0142onkami Stowarzyszenia mog\u0105 by\u0107 osoby pe\u0142noletnie, obywatele Polski i cudzoziemcy, w tym tak\u017ce nie maj\u0105cy sta\u0142ego miejsca zamieszkania na terytorium Rzeczypospolitej Polskiej, kt\u00f3re popieraj\u0105 cele Stowarzyszenia oraz deklaruj\u0105 wol\u0119 czynnego uczestnictwa w realizacji tych cel\u00f3w.&nbsp;<\/p>\n\n\n\n<p>3. Osoby prawne mog\u0105 by\u0107 wy\u0142\u0105cznie cz\u0142onkami wspieraj\u0105cymi i honorowymi Stowarzyszenia.&nbsp;<\/p>\n\n\n\n<p class=\"has-text-align-center\"><strong>\u00a7 5&nbsp;<\/strong><\/p>\n\n\n\n<p>1. O uzyskanie statusu cz\u0142onka zwyczajnego mo\u017ce si\u0119 ubiega\u0107 osoba, kt\u00f3ra :&nbsp;<\/p>\n\n\n\n<p>  a) przed\u0142o\u017cy rekomendacj\u0119 dw\u00f3ch cz\u0142onk\u00f3w zwyczajnych,\u00a0<\/p>\n\n\n\n<p>  b) z\u0142o\u017cy pisemn\u0105 deklaracj\u0119 o podj\u0119ciu si\u0119 realizacji cel\u00f3w Stowarzyszenia.\u00a0<\/p>\n\n\n\n<p>2. Za\u0142o\u017cyciele Stowarzyszenia staj\u0105 si\u0119 cz\u0142onkami zwyczajnymi z dniem zarejestrowania Stowarzyszenia w Krajowym Rejestrze S\u0105dowym.&nbsp;<\/p>\n\n\n\n<p>3. O przyj\u0119ciu danej osoby w poczet cz\u0142onk\u00f3w zwyczajnych Stowarzyszenia decyduje Zarz\u0105d.&nbsp;<\/p>\n\n\n\n<p>4. Cz\u0142onek zwyczajny Stowarzyszenia posiada:&nbsp;<\/p>\n\n\n\n<p>  1) czynne i bierne prawo wyborcze do w\u0142adz Stowarzyszenia,\u00a0<\/p>\n\n\n\n<p>  2) prawo uczestnictwa w pracach Stowarzyszenia,\u00a0<\/p>\n\n\n\n<p>  3) prawo do uczestnictwa w Walnych Zebraniach .\u00a0<\/p>\n\n\n\n<p>5. Cz\u0142onek zwyczajny Stowarzyszenia jest obowi\u0105zany:&nbsp;<\/p>\n\n\n\n<p>  1) bra\u0107 czynny udzia\u0142 w pracach Stowarzyszenia,\u00a0<\/p>\n\n\n\n<p>  2) przestrzega\u0107 postanowie\u0144 niniejszego Statutu,\u00a0<\/p>\n\n\n\n<p>  3) dba\u0107 o dobro i autorytet Stowarzyszenia,\u00a0<\/p>\n\n\n\n<p>  4) regularnie p\u0142aci\u0107 sk\u0142adki cz\u0142onkowskie.\u00a0<\/p>\n\n\n\n<p>6. Praca cz\u0142onka zwyczajnego na rzecz Stowarzyszenia jest wykonywana honorowo, z wyj\u0105tkiem cz\u0142onk\u00f3w zatrudnionych przez Stowarzyszenie.&nbsp;<\/p>\n\n\n\n<p class=\"has-text-align-center\"><strong>\u00a7 6&nbsp;<\/strong><\/p>\n\n\n\n<p>Cz\u0142onkiem wspieraj\u0105cym zostaje osoba fizyczna lub osoba prawna, z chwil\u0105 zadeklarowania woli przyst\u0105pienia do Stowarzyszenia poprzez z\u0142o\u017cenie deklaracji cz\u0142onkowskiej i zadeklarowania pomocy materialno-finansowej.\u00a0<\/p>\n\n\n\n<p class=\"has-text-align-center\"><strong>\u00a7 7&nbsp;<\/strong><\/p>\n\n\n\n<p>Cz\u0142onkiem honorowym mo\u017ce by\u0107 ka\u017cda osoba fizyczna lub prawna, kt\u00f3rej godno\u015b\u0107 t\u0119 nada Walne Zebranie Cz\u0142onk\u00f3w za szczeg\u00f3lne zas\u0142ugi zwi\u0105zane z celami stowarzyszenia.&nbsp;<\/p>\n\n\n\n<p class=\"has-text-align-center\"><strong>\u00a7 8&nbsp;<\/strong><\/p>\n\n\n\n<p>1. Cz\u0142onkowie Stowarzyszenia wspieraj\u0105cy i honorowi maj\u0105 obowi\u0105zek:&nbsp;<\/p>\n\n\n\n<p>  1) przestrzega\u0107 postanowie\u0144 statutu;\u00a0<\/p>\n\n\n\n<p>2) dba\u0107 o dobro i autorytet Stowarzyszenia;&nbsp;<\/p>\n\n\n\n<p>2. Cz\u0142onkowie honorowi s\u0105 zwolnieni ze sk\u0142adek cz\u0142onkowskich ale mog\u0105 z\u0142o\u017cy\u0107&nbsp;dobrowoln\u0105 darowizn\u0119 na rzecz Stowarzyszenia.&nbsp;<\/p>\n\n\n\n<p>3. Cz\u0142onkowie wspieraj\u0105cy i honorowi maj\u0105 prawo do:<\/p>\n\n\n\n<p>  1) uczestniczenia w pracach i imprezach organizowanych przez Stowarzyszenie<\/p>\n\n\n\n<p>  2) zg\u0142aszania wniosk\u00f3w i propozycji wobec w\u0142adz Stowarzyszenia<\/p>\n\n\n\n<p>  3) korzystania z innych uprawnie\u0144 , okre\u015blonych przez Zarz\u0105d Stowarzyszenia<\/p>\n\n\n\n<p class=\"has-text-align-center\"><strong>\u00a7 9&nbsp;<\/strong><\/p>\n\n\n\n<p>Utrata cz\u0142onkostwa nast\u0119puje przez skre\u015blenie lub wykluczenie.&nbsp;<\/p>\n\n\n\n<p class=\"has-text-align-center\"><strong>\u00a7 10&nbsp;<\/strong><\/p>\n\n\n\n<p>Skre\u015blenia z listy cz\u0142onk\u00f3w zwyczajnych i wspieraj\u0105cych dokonuje Zarz\u0105d Stowarzyszenia, a cz\u0142onk\u00f3w honorowych Walne Zebranie Cz\u0142onk\u00f3w w nast\u0119puj\u0105cych przypadkach:&nbsp;<\/p>\n\n\n\n<p>  1) rezygnacji z cz\u0142onkostwa z\u0142o\u017conej na pi\u015bmie,\u00a0<\/p>\n\n\n\n<p>  2) \u015bmierci cz\u0142onka,\u00a0<\/p>\n\n\n\n<p>  3) utraty osobowo\u015bci prawnej.\u00a0<\/p>\n\n\n\n<p class=\"has-text-align-center\"><strong>\u00a7 11&nbsp;<\/strong><\/p>\n\n\n\n<p>1. Wykluczenia cz\u0142onka zwyczajnego i honorowego dokonuje Walne Zebranie Cz\u0142onk\u00f3w. Przed podj\u0119ciem uchwa\u0142y o wykluczeniu cz\u0142onek ma mo\u017cliwo\u015b\u0107 z\u0142o\u017cenia wyja\u015bnie\u0144 na pi\u015bmie lub osobi\u015bcie na Walnym Zebraniu Cz\u0142onk\u00f3w.\u00a0<\/p>\n\n\n\n<p>2. Wykluczenia cz\u0142onka wspieraj\u0105cego dokonuje Zarz\u0105d.&nbsp;<\/p>\n\n\n\n<p>3. Wykluczenie mo\u017ce nast\u0105pi\u0107 w nast\u0119puj\u0105cych przypadkach:&nbsp;<\/p>\n\n\n\n<p>  1) post\u0119powania sprzecznego z niniejszym Statutem lub uchwa\u0142ami Stowarzyszenia,\u00a0<\/p>\n\n\n\n<p>  2) pope\u0142nienia czynu, kt\u00f3ry dyskwalifikuje dan\u0105 osob\u0119 jako cz\u0142onka Stowarzyszenia lub godzi w dobre imi\u0119 Stowarzyszenia,\u00a0<\/p>\n\n\n\n<p>  3) utraty praw obywatelskich,\u00a0<\/p>\n\n\n\n<p>  4) nie usprawiedliwionego zalegania z op\u0142at\u0105 sk\u0142adki cz\u0142onkowskiej przez cz\u0142onka zwyczajnego przez okres przekraczaj\u0105cy 6 miesi\u0119cy.\u00a0<\/p>\n\n\n\n<p>4. Wykluczonemu cz\u0142onkowi wspieraj\u0105cemu przys\u0142uguje prawo odwo\u0142ania si\u0119 do Komisji Rewizyjnej w ci\u0105gu 14 dni od daty otrzymania zawiadomienia o wykluczeniu oraz prawo obecno\u015bci na jej obradach przy rozpoznawaniu tego odwo\u0142ania.<\/p>\n\n\n\n<p class=\"has-text-align-center\"><strong>Wysoko\u015b\u0107 sk\u0142adki cz\u0142onkowskiej na rok 2024: wynosi 120 z\u0142 rocznie. <\/strong><br>Wp\u0142acane po otrzymaniu pozytywnej informacji o przyj\u0119cie w poczet cz\u0142onk\u00f3w Stowarzyszenia.<\/p>\n","protected":false},"excerpt":{"rendered":"<p>Wyci\u0105g ze Statutu Stowarzyszenia Jeste\u015bmy \u015al\u0105skiem dotycz\u0105cy cz\u0142onkostwa. Cz\u0142onkowie stowarzyszenia \u00a74 1. Cz\u0142onkowie stowarzyszenia dziel\u0105 si\u0119 na: &nbsp;a) Cz\u0142onk\u00f3w zwyczajnych. &nbsp;b) Cz\u0142onk\u00f3w honorowych. &nbsp;c) Cz\u0142onk\u00f3w wspieraj\u0105cych. 2. Cz\u0142onkami Stowarzyszenia mog\u0105 by\u0107 osoby pe\u0142noletnie, obywatele Polski i cudzoziemcy, w tym tak\u017ce nie maj\u0105cy sta\u0142ego miejsca zamieszkania na terytorium Rzeczypospolitej Polskiej, kt\u00f3re popieraj\u0105 cele Stowarzyszenia oraz deklaruj\u0105&#8230;<\/p>\n","protected":false},"author":1,"featured_media":218,"parent":0,"menu_order":0,"comment_status":"closed","ping_status":"closed","template":"","meta":{"_monsterinsights_skip_tracking":false,"_monsterinsights_sitenote_active":false,"_monsterinsights_sitenote_note":"","_monsterinsights_sitenote_category":0,"_uf_show_specific_survey":0,"_uf_disable_surveys":false,"_kad_post_transparent":"","_kad_post_title":"","_kad_post_layout":"","_kad_post_sidebar_id":"","_kad_post_content_style":"","_kad_post_vertical_padding":"","_kad_post_feature":"","_kad_post_feature_position":"","_kad_post_header":false,"_kad_post_footer":false,"footnotes":""},"class_list":["post-30","page","type-page","status-publish","has-post-thumbnail","hentry"],"yoast_head":"<!-- This site is optimized with the Yoast SEO plugin v27.5 - https:\/\/yoast.com\/product\/yoast-seo-wordpress\/ -->\n<title>Do\u0142\u0105cz do Stowarzyszenia - Jeste\u015bmy \u015al\u0105skiem<\/title>\n<meta name=\"robots\" content=\"index, follow, max-snippet:-1, max-image-preview:large, max-video-preview:-1\" \/>\n<link rel=\"canonical\" href=\"https:\/\/jestesmyslaskiem.pl\/?page_id=30\" \/>\n<meta property=\"og:locale\" content=\"pl_PL\" \/>\n<meta property=\"og:type\" content=\"article\" \/>\n<meta property=\"og:title\" content=\"Do\u0142\u0105cz do Stowarzyszenia - Jeste\u015bmy \u015al\u0105skiem\" \/>\n<meta property=\"og:description\" content=\"Wyci\u0105g ze Statutu Stowarzyszenia Jeste\u015bmy \u015al\u0105skiem dotycz\u0105cy cz\u0142onkostwa. Cz\u0142onkowie stowarzyszenia \u00a74 1. Cz\u0142onkowie stowarzyszenia dziel\u0105 si\u0119 na: &nbsp;a) Cz\u0142onk\u00f3w zwyczajnych. &nbsp;b) Cz\u0142onk\u00f3w honorowych. &nbsp;c) Cz\u0142onk\u00f3w wspieraj\u0105cych. 2. Cz\u0142onkami Stowarzyszenia mog\u0105 by\u0107 osoby pe\u0142noletnie, obywatele Polski i cudzoziemcy, w tym tak\u017ce nie maj\u0105cy sta\u0142ego miejsca zamieszkania na terytorium Rzeczypospolitej Polskiej, kt\u00f3re popieraj\u0105 cele Stowarzyszenia oraz deklaruj\u0105...\" \/>\n<meta property=\"og:url\" content=\"https:\/\/jestesmyslaskiem.pl\/?page_id=30\" \/>\n<meta property=\"og:site_name\" content=\"Jeste\u015bmy \u015al\u0105skiem\" \/>\n<meta property=\"article:publisher\" content=\"https:\/\/www.facebook.com\/profile.php?id=61555359954824\" \/>\n<meta property=\"article:modified_time\" content=\"2024-02-22T23:42:53+00:00\" \/>\n<meta property=\"og:image\" content=\"https:\/\/jestesmyslaskiem.pl\/wp-content\/uploads\/2024\/02\/1000032555-scaled.jpg\" \/>\n\t<meta property=\"og:image:width\" content=\"2560\" \/>\n\t<meta property=\"og:image:height\" content=\"1707\" \/>\n\t<meta property=\"og:image:type\" content=\"image\/jpeg\" \/>\n<meta name=\"twitter:card\" content=\"summary_large_image\" \/>\n<meta name=\"twitter:label1\" content=\"Szacowany czas czytania\" \/>\n\t<meta name=\"twitter:data1\" content=\"4 minuty\" \/>\n<script type=\"application\/ld+json\" class=\"yoast-schema-graph\">{\"@context\":\"https:\\\/\\\/schema.org\",\"@graph\":[{\"@type\":\"WebPage\",\"@id\":\"https:\\\/\\\/jestesmyslaskiem.pl\\\/?page_id=30\",\"url\":\"https:\\\/\\\/jestesmyslaskiem.pl\\\/?page_id=30\",\"name\":\"Do\u0142\u0105cz do Stowarzyszenia - Jeste\u015bmy \u015al\u0105skiem\",\"isPartOf\":{\"@id\":\"https:\\\/\\\/jestesmyslaskiem.pl\\\/#website\"},\"primaryImageOfPage\":{\"@id\":\"https:\\\/\\\/jestesmyslaskiem.pl\\\/?page_id=30#primaryimage\"},\"image\":{\"@id\":\"https:\\\/\\\/jestesmyslaskiem.pl\\\/?page_id=30#primaryimage\"},\"thumbnailUrl\":\"https:\\\/\\\/jestesmyslaskiem.pl\\\/wp-content\\\/uploads\\\/2024\\\/02\\\/1000032555-scaled.jpg\",\"datePublished\":\"2024-01-10T20:03:34+00:00\",\"dateModified\":\"2024-02-22T23:42:53+00:00\",\"breadcrumb\":{\"@id\":\"https:\\\/\\\/jestesmyslaskiem.pl\\\/?page_id=30#breadcrumb\"},\"inLanguage\":\"pl-PL\",\"potentialAction\":[{\"@type\":\"ReadAction\",\"target\":[\"https:\\\/\\\/jestesmyslaskiem.pl\\\/?page_id=30\"]}]},{\"@type\":\"ImageObject\",\"inLanguage\":\"pl-PL\",\"@id\":\"https:\\\/\\\/jestesmyslaskiem.pl\\\/?page_id=30#primaryimage\",\"url\":\"https:\\\/\\\/jestesmyslaskiem.pl\\\/wp-content\\\/uploads\\\/2024\\\/02\\\/1000032555-scaled.jpg\",\"contentUrl\":\"https:\\\/\\\/jestesmyslaskiem.pl\\\/wp-content\\\/uploads\\\/2024\\\/02\\\/1000032555-scaled.jpg\",\"width\":2560,\"height\":1707},{\"@type\":\"BreadcrumbList\",\"@id\":\"https:\\\/\\\/jestesmyslaskiem.pl\\\/?page_id=30#breadcrumb\",\"itemListElement\":[{\"@type\":\"ListItem\",\"position\":1,\"name\":\"Home\",\"item\":\"https:\\\/\\\/jestesmyslaskiem.pl\\\/\"},{\"@type\":\"ListItem\",\"position\":2,\"name\":\"Do\u0142\u0105cz do Stowarzyszenia\"}]},{\"@type\":\"WebSite\",\"@id\":\"https:\\\/\\\/jestesmyslaskiem.pl\\\/#website\",\"url\":\"https:\\\/\\\/jestesmyslaskiem.pl\\\/\",\"name\":\"Jeste\u015bmy \u015al\u0105skiem\",\"description\":\"Stowarzyszenie promocji kultury \u015al\u0105skiej\",\"publisher\":{\"@id\":\"https:\\\/\\\/jestesmyslaskiem.pl\\\/#organization\"},\"potentialAction\":[{\"@type\":\"SearchAction\",\"target\":{\"@type\":\"EntryPoint\",\"urlTemplate\":\"https:\\\/\\\/jestesmyslaskiem.pl\\\/?s={search_term_string}\"},\"query-input\":{\"@type\":\"PropertyValueSpecification\",\"valueRequired\":true,\"valueName\":\"search_term_string\"}}],\"inLanguage\":\"pl-PL\"},{\"@type\":\"Organization\",\"@id\":\"https:\\\/\\\/jestesmyslaskiem.pl\\\/#organization\",\"name\":\"Jeste\u015bmy \u015al\u0105skiem\",\"alternateName\":\"Stowarzyszenie Jeste\u015bmy \u015al\u0105skiem\",\"url\":\"https:\\\/\\\/jestesmyslaskiem.pl\\\/\",\"logo\":{\"@type\":\"ImageObject\",\"inLanguage\":\"pl-PL\",\"@id\":\"https:\\\/\\\/jestesmyslaskiem.pl\\\/#\\\/schema\\\/logo\\\/image\\\/\",\"url\":\"https:\\\/\\\/jestesmyslaskiem.pl\\\/wp-content\\\/uploads\\\/2024\\\/09\\\/cropped-jestesmy-Slaskiem-2-2.png\",\"contentUrl\":\"https:\\\/\\\/jestesmyslaskiem.pl\\\/wp-content\\\/uploads\\\/2024\\\/09\\\/cropped-jestesmy-Slaskiem-2-2.png\",\"width\":512,\"height\":512,\"caption\":\"Jeste\u015bmy \u015al\u0105skiem\"},\"image\":{\"@id\":\"https:\\\/\\\/jestesmyslaskiem.pl\\\/#\\\/schema\\\/logo\\\/image\\\/\"},\"sameAs\":[\"https:\\\/\\\/www.facebook.com\\\/profile.php?id=61555359954824\",\"https:\\\/\\\/www.instagram.com\\\/jestesmy_slaskiem\\\/\"]}]}<\/script>\n<!-- \/ Yoast SEO plugin. -->","yoast_head_json":{"title":"Do\u0142\u0105cz do Stowarzyszenia - Jeste\u015bmy \u015al\u0105skiem","robots":{"index":"index","follow":"follow","max-snippet":"max-snippet:-1","max-image-preview":"max-image-preview:large","max-video-preview":"max-video-preview:-1"},"canonical":"https:\/\/jestesmyslaskiem.pl\/?page_id=30","og_locale":"pl_PL","og_type":"article","og_title":"Do\u0142\u0105cz do Stowarzyszenia - Jeste\u015bmy \u015al\u0105skiem","og_description":"Wyci\u0105g ze Statutu Stowarzyszenia Jeste\u015bmy \u015al\u0105skiem dotycz\u0105cy cz\u0142onkostwa. Cz\u0142onkowie stowarzyszenia \u00a74 1. Cz\u0142onkowie stowarzyszenia dziel\u0105 si\u0119 na: &nbsp;a) Cz\u0142onk\u00f3w zwyczajnych. &nbsp;b) Cz\u0142onk\u00f3w honorowych. &nbsp;c) Cz\u0142onk\u00f3w wspieraj\u0105cych. 2. Cz\u0142onkami Stowarzyszenia mog\u0105 by\u0107 osoby pe\u0142noletnie, obywatele Polski i cudzoziemcy, w tym tak\u017ce nie maj\u0105cy sta\u0142ego miejsca zamieszkania na terytorium Rzeczypospolitej Polskiej, kt\u00f3re popieraj\u0105 cele Stowarzyszenia oraz deklaruj\u0105...","og_url":"https:\/\/jestesmyslaskiem.pl\/?page_id=30","og_site_name":"Jeste\u015bmy \u015al\u0105skiem","article_publisher":"https:\/\/www.facebook.com\/profile.php?id=61555359954824","article_modified_time":"2024-02-22T23:42:53+00:00","og_image":[{"width":2560,"height":1707,"url":"https:\/\/jestesmyslaskiem.pl\/wp-content\/uploads\/2024\/02\/1000032555-scaled.jpg","type":"image\/jpeg"}],"twitter_card":"summary_large_image","twitter_misc":{"Szacowany czas czytania":"4 minuty"},"schema":{"@context":"https:\/\/schema.org","@graph":[{"@type":"WebPage","@id":"https:\/\/jestesmyslaskiem.pl\/?page_id=30","url":"https:\/\/jestesmyslaskiem.pl\/?page_id=30","name":"Do\u0142\u0105cz do Stowarzyszenia - Jeste\u015bmy \u015al\u0105skiem","isPartOf":{"@id":"https:\/\/jestesmyslaskiem.pl\/#website"},"primaryImageOfPage":{"@id":"https:\/\/jestesmyslaskiem.pl\/?page_id=30#primaryimage"},"image":{"@id":"https:\/\/jestesmyslaskiem.pl\/?page_id=30#primaryimage"},"thumbnailUrl":"https:\/\/jestesmyslaskiem.pl\/wp-content\/uploads\/2024\/02\/1000032555-scaled.jpg","datePublished":"2024-01-10T20:03:34+00:00","dateModified":"2024-02-22T23:42:53+00:00","breadcrumb":{"@id":"https:\/\/jestesmyslaskiem.pl\/?page_id=30#breadcrumb"},"inLanguage":"pl-PL","potentialAction":[{"@type":"ReadAction","target":["https:\/\/jestesmyslaskiem.pl\/?page_id=30"]}]},{"@type":"ImageObject","inLanguage":"pl-PL","@id":"https:\/\/jestesmyslaskiem.pl\/?page_id=30#primaryimage","url":"https:\/\/jestesmyslaskiem.pl\/wp-content\/uploads\/2024\/02\/1000032555-scaled.jpg","contentUrl":"https:\/\/jestesmyslaskiem.pl\/wp-content\/uploads\/2024\/02\/1000032555-scaled.jpg","width":2560,"height":1707},{"@type":"BreadcrumbList","@id":"https:\/\/jestesmyslaskiem.pl\/?page_id=30#breadcrumb","itemListElement":[{"@type":"ListItem","position":1,"name":"Home","item":"https:\/\/jestesmyslaskiem.pl\/"},{"@type":"ListItem","position":2,"name":"Do\u0142\u0105cz do Stowarzyszenia"}]},{"@type":"WebSite","@id":"https:\/\/jestesmyslaskiem.pl\/#website","url":"https:\/\/jestesmyslaskiem.pl\/","name":"Jeste\u015bmy \u015al\u0105skiem","description":"Stowarzyszenie promocji kultury \u015al\u0105skiej","publisher":{"@id":"https:\/\/jestesmyslaskiem.pl\/#organization"},"potentialAction":[{"@type":"SearchAction","target":{"@type":"EntryPoint","urlTemplate":"https:\/\/jestesmyslaskiem.pl\/?s={search_term_string}"},"query-input":{"@type":"PropertyValueSpecification","valueRequired":true,"valueName":"search_term_string"}}],"inLanguage":"pl-PL"},{"@type":"Organization","@id":"https:\/\/jestesmyslaskiem.pl\/#organization","name":"Jeste\u015bmy \u015al\u0105skiem","alternateName":"Stowarzyszenie Jeste\u015bmy \u015al\u0105skiem","url":"https:\/\/jestesmyslaskiem.pl\/","logo":{"@type":"ImageObject","inLanguage":"pl-PL","@id":"https:\/\/jestesmyslaskiem.pl\/#\/schema\/logo\/image\/","url":"https:\/\/jestesmyslaskiem.pl\/wp-content\/uploads\/2024\/09\/cropped-jestesmy-Slaskiem-2-2.png","contentUrl":"https:\/\/jestesmyslaskiem.pl\/wp-content\/uploads\/2024\/09\/cropped-jestesmy-Slaskiem-2-2.png","width":512,"height":512,"caption":"Jeste\u015bmy \u015al\u0105skiem"},"image":{"@id":"https:\/\/jestesmyslaskiem.pl\/#\/schema\/logo\/image\/"},"sameAs":["https:\/\/www.facebook.com\/profile.php?id=61555359954824","https:\/\/www.instagram.com\/jestesmy_slaskiem\/"]}]}},"_links":{"self":[{"href":"https:\/\/jestesmyslaskiem.pl\/index.php?rest_route=\/wp\/v2\/pages\/30","targetHints":{"allow":["GET"]}}],"collection":[{"href":"https:\/\/jestesmyslaskiem.pl\/index.php?rest_route=\/wp\/v2\/pages"}],"about":[{"href":"https:\/\/jestesmyslaskiem.pl\/index.php?rest_route=\/wp\/v2\/types\/page"}],"author":[{"embeddable":true,"href":"https:\/\/jestesmyslaskiem.pl\/index.php?rest_route=\/wp\/v2\/users\/1"}],"replies":[{"embeddable":true,"href":"https:\/\/jestesmyslaskiem.pl\/index.php?rest_route=%2Fwp%2Fv2%2Fcomments&post=30"}],"version-history":[{"count":7,"href":"https:\/\/jestesmyslaskiem.pl\/index.php?rest_route=\/wp\/v2\/pages\/30\/revisions"}],"predecessor-version":[{"id":52,"href":"https:\/\/jestesmyslaskiem.pl\/index.php?rest_route=\/wp\/v2\/pages\/30\/revisions\/52"}],"wp:featuredmedia":[{"embeddable":true,"href":"https:\/\/jestesmyslaskiem.pl\/index.php?rest_route=\/wp\/v2\/media\/218"}],"wp:attachment":[{"href":"https:\/\/jestesmyslaskiem.pl\/index.php?rest_route=%2Fwp%2Fv2%2Fmedia&parent=30"}],"curies":[{"name":"wp","href":"https:\/\/api.w.org\/{rel}","templated":true}]}}